{"id":151,"date":"2021-10-23T14:04:43","date_gmt":"2021-10-23T14:04:43","guid":{"rendered":"https:\/\/192.168.1.136\/?page_id=151"},"modified":"2021-10-23T14:04:43","modified_gmt":"2021-10-23T14:04:43","slug":"lieferbedingungen","status":"publish","type":"page","link":"https:\/\/daskleinelaedchen24.de\/?page_id=151","title":{"rendered":"Lieferbedingungen"},"content":{"rendered":"\n<h2 class=\"wp-block-heading\">Allgemeine Informationen zum Versand:<\/h2>\n\n\n\n<p>Ich versende alle internationale Bestellungen per Warenpost untracked.<br>International shipping as a goods letter untracked.<\/p>\n\n\n\n<h2 class=\"wp-block-heading\">Spezielle Hinweise zum Versand ins Ausland:<\/h2>\n\n\n\n<p>Bei Lieferungen in das Ausland k\u00f6nnen Z\u00f6lle, Steuern und Geb\u00fchren anfallen, die im angezeigten Gesamtpreis nicht enthalten sind.<\/p>\n","protected":false},"excerpt":{"rendered":"<p>Allgemeine Informationen zum Versand: Ich versende alle internationale Bestellungen per Warenpost untracked.International shipping as a goods letter untracked. Spezielle Hinweise zum Versand ins Ausland: Bei Lieferungen in das Ausland k\u00f6nnen Z\u00f6lle, Steuern und Geb\u00fchren anfallen, die im angezeigten Gesamtpreis nicht enthalten sind.<\/p>\n","protected":false},"author":1,"featured_media":0,"parent":0,"menu_order":0,"comment_status":"closed","ping_status":"closed","template":"","meta":{"footnotes":""},"class_list":["post-151","page","type-page","status-publish","hentry"],"_links":{"self":[{"href":"https:\/\/daskleinelaedchen24.de\/index.php?rest_route=\/wp\/v2\/pages\/151","targetHints":{"allow":["GET"]}}],"collection":[{"href":"https:\/\/daskleinelaedchen24.de\/index.php?rest_route=\/wp\/v2\/pages"}],"about":[{"href":"https:\/\/daskleinelaedchen24.de\/index.php?rest_route=\/wp\/v2\/types\/page"}],"author":[{"embeddable":true,"href":"https:\/\/daskleinelaedchen24.de\/index.php?rest_route=\/wp\/v2\/users\/1"}],"replies":[{"embeddable":true,"href":"https:\/\/daskleinelaedchen24.de\/index.php?rest_route=%2Fwp%2Fv2%2Fcomments&post=151"}],"version-history":[{"count":1,"href":"https:\/\/daskleinelaedchen24.de\/index.php?rest_route=\/wp\/v2\/pages\/151\/revisions"}],"predecessor-version":[{"id":152,"href":"https:\/\/daskleinelaedchen24.de\/index.php?rest_route=\/wp\/v2\/pages\/151\/revisions\/152"}],"wp:attachment":[{"href":"https:\/\/daskleinelaedchen24.de\/index.php?rest_route=%2Fwp%2Fv2%2Fmedia&parent=151"}],"curies":[{"name":"wp","href":"https:\/\/api.w.org\/{rel}","templated":true}]}}