{"id":149,"date":"2021-10-23T14:03:26","date_gmt":"2021-10-23T14:03:26","guid":{"rendered":"https:\/\/192.168.1.136\/?page_id=149"},"modified":"2021-10-23T14:03:27","modified_gmt":"2021-10-23T14:03:27","slug":"widerrufsbelehrung-und-formular","status":"publish","type":"page","link":"https:\/\/daskleinelaedchen24.de\/?page_id=149","title":{"rendered":"Widerrufsbelehrung und -formular"},"content":{"rendered":"\n<p>Widerrufsbelehrung<br><br>Widerrufsrecht<br><br>Ihnen steht das Recht zu innerhalb von vierzehn Tagen ohne Angabe von n\u00e4heren Gr\u00fcnden den vorliegenden Vertrag zu widerrufen.<br><br>Die Widerrufsfrist beginnt an dem Tag, an dem Sie pers\u00f6nlich, oder eine von ihnen beauftragte Person \u2013 ausgenommen dem Bef\u00f6rderer der Waren \u2013 die Waren entgegn genommen haben bzw. hat.<br><br>Wenn Sie Ihr Widerrufsrecht in Anspruch nehmen m\u00f6chten, informieren Sie uns bitte \u00fcber diese Entscheidung indem Sie uns an Nicole Sprick, daskleinelaedchen24.de, Schuhstr. 21, 32657 Lemgo, daskleinelaedchen@gmail.com eine entsprechende von Ihnen unterzeichnete Erkl\u00e4rung per Post oder E-Mail zukommen lassen. Das unten bereitgestellte Formular f\u00fcr Widerrufe kann dabei verwendet werden, dessen Benutzung ist jedoch nicht zwingend notwendig.<br><br>F\u00fcr die Einhaltung der Widerrufsfrist ist das Datum des Versands Ihrer Widerrufserkl\u00e4rung ma\u00dfgebend.<br><br>Konsequenzen des Widerrufs<br><br>Im Falle des Widerrufs erstatten wir Ihnen innerhalb von maximal 14 Tagen nach Erhalt des Widerrufs alle von Ihnen geleisteten Zahlungen, inklusive Lieferkosten (ausgenommen von Ihnen gew\u00e4hlten Speziallieferkosten, welche die von uns angebotenen normalen Lieferkosten \u00fcberschreiten). Bei der Erstattung wird derselbe Zahlungsweg gewahrt, denn Sie bei der Bestellung gew\u00e4hlt haben. \u00c4nderungen des Zahlungswegs sind nach Absprache m\u00f6glich. Die Erstattung der Zahlungen wird keinerlei Zusatzkosten f\u00fcr Sie generieren.<br><br>Die versandte Ware wird von uns abgeholt oder wir \u00fcbernehmen die R\u00fccksendung derselben. Bei einem Wertverlust der Waren sind Sie f\u00fcr diesen nur dann verantwortlich, wenn dieser auf einen Gebrauch derselben hervorgeht, welcher die Pr\u00fcfung der Eigenschaften , der Beschaffenheit oder der Funktion der Waren \u00fcbersteigt.<br><br><br><br>Muster-Widerrufsformular<br><br>(Um Ihr Widerrufsrecht in Anspruch zu nehmen, f\u00fcgen Sie bitte die entsprechenden Daten im folgenden Formular ein und senden Sie uns dieses zu.)<br><br>\u2013 An<br><br>Nicole Sprick, Schuhstr. 21, 32657 Lemgo<br>daskleinelaedchen24.de<br>daskleinelaedchen@gmail.com<br><br>\u2013 Hiermit widerrufe(n) ich\/wir (*) den von mir\/uns (*) abgeschlossenen Vertrag \u00fcber den Kauf der folgenden Waren (*)\/ die Erbringung der folgenden Dienstleistung (*)<br><br>Bestelldatum:<br>Bezugsdatum:<br>Bestellte Ware \/ Dienstleitung:<br>Ihr Name:<br>Ihre Anschrift:<br><br>\u2013 Ihre Unterschrift:<br><br>\u2013 Datum:<br><br>___________<br><br>(*) Unzutreffendes bitte streichen.<br><br>Diese Widerrufsbelehrung Seite wurde bei widerrufsbelehrunggenerator.de erstellt.<a href=\"https:\/\/daskleinelaedchen24.jimdo.com\/j\/shop\/withdrawalpdfdownload\"> Muster-Widerrufsformular herunterladen<\/a><\/p>\n","protected":false},"excerpt":{"rendered":"<p>Widerrufsbelehrung Widerrufsrecht Ihnen steht das Recht zu innerhalb von vierzehn Tagen ohne Angabe von n\u00e4heren Gr\u00fcnden den vorliegenden Vertrag zu widerrufen. Die Widerrufsfrist beginnt an dem Tag, an dem Sie pers\u00f6nlich, oder eine von ihnen beauftragte Person \u2013 ausgenommen dem Bef\u00f6rderer der Waren \u2013 die Waren entgegn genommen haben bzw. [&hellip;]<\/p>\n","protected":false},"author":1,"featured_media":0,"parent":0,"menu_order":0,"comment_status":"closed","ping_status":"closed","template":"","meta":{"footnotes":""},"class_list":["post-149","page","type-page","status-publish","hentry"],"_links":{"self":[{"href":"https:\/\/daskleinelaedchen24.de\/index.php?rest_route=\/wp\/v2\/pages\/149","targetHints":{"allow":["GET"]}}],"collection":[{"href":"https:\/\/daskleinelaedchen24.de\/index.php?rest_route=\/wp\/v2\/pages"}],"about":[{"href":"https:\/\/daskleinelaedchen24.de\/index.php?rest_route=\/wp\/v2\/types\/page"}],"author":[{"embeddable":true,"href":"https:\/\/daskleinelaedchen24.de\/index.php?rest_route=\/wp\/v2\/users\/1"}],"replies":[{"embeddable":true,"href":"https:\/\/daskleinelaedchen24.de\/index.php?rest_route=%2Fwp%2Fv2%2Fcomments&post=149"}],"version-history":[{"count":1,"href":"https:\/\/daskleinelaedchen24.de\/index.php?rest_route=\/wp\/v2\/pages\/149\/revisions"}],"predecessor-version":[{"id":150,"href":"https:\/\/daskleinelaedchen24.de\/index.php?rest_route=\/wp\/v2\/pages\/149\/revisions\/150"}],"wp:attachment":[{"href":"https:\/\/daskleinelaedchen24.de\/index.php?rest_route=%2Fwp%2Fv2%2Fmedia&parent=149"}],"curies":[{"name":"wp","href":"https:\/\/api.w.org\/{rel}","templated":true}]}}